{"id":50,"date":"2025-09-13T00:37:55","date_gmt":"2025-09-13T00:37:55","guid":{"rendered":"https:\/\/www.pimentos.com.co\/services\/"},"modified":"2025-09-26T18:47:15","modified_gmt":"2025-09-26T23:47:15","slug":"services","status":"publish","type":"page","link":"https:\/\/www.pimentos.com.co\/?page_id=50","title":{"rendered":"services"},"content":{"rendered":"\n\n\n\n\n<h1>Servicios<\/h1>\n\n\n\n\n\n\n\n\n\n\n\n\n\n\n\n\n\n\n\n\n\n<h2>Por qu\u00e9 Elegir Pimentos<\/h2>\n\n\n\n\n\n<p>Explore las razones que hacen de Pimentos su mejor opci\u00f3n para la gastronom\u00eda.<\/p>\n\n\n\n\nSabores Aut\u00e9nticos\n\n\n\nUtilizamos t\u00e9cnicas de cocina tradicionales y recetas familiares que resaltan la autenticidad de cada plato.\n\n\n\nCompromiso con la Sostenibilidad\n\n\n\nEn Pimentos, estamos comprometidos con el uso de ingredientes sostenibles y de temporada, apoyando a proveedores locales.\n\n\n\n\n\n\n\n\n<h2>Caracter\u00edsticas Destacadas<\/h2>\n\n\n\n\n\n\n\n\n\n\n\n\n\n\n\n<h6>Men\u00fa Diversificado<\/h6>\n\n\n\n<p>Ofrecemos una amplia variedad de platos que combinan influencias locales e internacionales, todos elaborados con ingredientes frescos.<\/p>\n\n\n\n\n\n\n\n\n\n\n\n<h6>Ambiente Acogedor<\/h6>\n\n\n\n<p>Nuestro restaurante est\u00e1 dise\u00f1ado para proporcionar un ambiente confortable y acogedor, perfecto para cualquier ocasi\u00f3n.<\/p>\n\n\n\n\n\n\n\n\n\n\n\n<h6>Atenci\u00f3n Personalizada<\/h6>\n\n\n\n<p>Nuestro equipo se asegura de brindarle una atenci\u00f3n personalizada en cada visita, adapt\u00e1ndose a sus preferencias y necesidades.<\/p>\n\n\n\n\n\n\n\n\n\n\n\n\n\n<h6>Ingredientes de Calidad<\/h6>\n\n\n\n<p>Utilizamos solo los mejores ingredientes, seleccionados cuidadosamente para garantizar la frescura y el sabor en cada plato.<\/p>\n\n\n\n\n\n\n\n\n\n\n\n<h6>Oportunidades de Aprendizaje<\/h6>\n\n\n\n<p>Ofrecemos clases y talleres para que los amantes de la cocina puedan aprender y experimentar con la gastronom\u00eda.<\/p>\n\n\n\n\n\n\n\n\n\n\n\n<h6>Promociones Especiales<\/h6>\n\n\n\n<p>Consulte regularmente nuestras promociones para disfrutar de ofertas especiales en su pr\u00f3xima visita.<\/p>\n\n\n\n\n\n\n\n\n\n\n\n<h2>Preguntas Frecuentes<\/h2>\n\n\n\n\n\n\n\n\n\n\n\n<p>S\u00ed, puede realizar una reserva a trav\u00e9s de nuestra p\u00e1gina web en la secci\u00f3n de WhatsApp.<\/p>\n\n\n\n\n\n\n\n\n\n<p>S\u00ed, tenemos una variedad de platos vegetarianos en nuestro men\u00fa que son igualmente deliciosos y frescos.<\/p>\n\n\n\n\n\n\n\n\n\n<p>Por supuesto, trabajaremos con usted para personalizar el men\u00fa seg\u00fan sus preferencias y requisitos espec\u00edficos.<\/p>\n\n\n\n\n\n\n\n\n\n<p>Estamos en el Municipio de la Ceja (Ant) parque principal Cra 21 Nro. 18 &#8211; 78, Telefono 6044978877, Movil 3186122876 y WhatsApp 3186122876<\/p>\n\n\n\n\n\n\n\n\n\n<p>Gran Variedad de Platos Gourmet los cuales puedes encontrar en nuestra amplia carta.   <\/p>\n\n\n\n\n\n\n","protected":false},"excerpt":{"rendered":"","protected":false},"author":1,"featured_media":0,"parent":0,"menu_order":0,"comment_status":"closed","ping_status":"closed","template":"","meta":{"pagelayer_contact_templates":[],"_pagelayer_content":"","footnotes":""},"class_list":["post-50","page","type-page","status-publish","hentry"],"_links":{"self":[{"href":"https:\/\/www.pimentos.com.co\/index.php?rest_route=\/wp\/v2\/pages\/50","targetHints":{"allow":["GET"]}}],"collection":[{"href":"https:\/\/www.pimentos.com.co\/index.php?rest_route=\/wp\/v2\/pages"}],"about":[{"href":"https:\/\/www.pimentos.com.co\/index.php?rest_route=\/wp\/v2\/types\/page"}],"author":[{"embeddable":true,"href":"https:\/\/www.pimentos.com.co\/index.php?rest_route=\/wp\/v2\/users\/1"}],"replies":[{"embeddable":true,"href":"https:\/\/www.pimentos.com.co\/index.php?rest_route=%2Fwp%2Fv2%2Fcomments&post=50"}],"version-history":[{"count":14,"href":"https:\/\/www.pimentos.com.co\/index.php?rest_route=\/wp\/v2\/pages\/50\/revisions"}],"predecessor-version":[{"id":134,"href":"https:\/\/www.pimentos.com.co\/index.php?rest_route=\/wp\/v2\/pages\/50\/revisions\/134"}],"wp:attachment":[{"href":"https:\/\/www.pimentos.com.co\/index.php?rest_route=%2Fwp%2Fv2%2Fmedia&parent=50"}],"curies":[{"name":"wp","href":"https:\/\/api.w.org\/{rel}","templated":true}]}}