{"id":47,"date":"2025-09-13T00:37:54","date_gmt":"2025-09-13T00:37:54","guid":{"rendered":"https:\/\/www.pimentos.com.co\/about\/"},"modified":"2025-09-13T01:41:23","modified_gmt":"2025-09-13T01:41:23","slug":"about","status":"publish","type":"page","link":"https:\/\/www.pimentos.com.co\/?page_id=47","title":{"rendered":"About"},"content":{"rendered":"\n\n\n\n<h1>Sobre Nosotros<\/h1>\n\n\n\n\n\n\n<p>Lorem Ipsum has been the industry&#8217;s standard dummy text ever since the 1500s.<\/p>\n\n\n\n<h2>Acerca de Pimentos<\/h2>\n\n\n<p>Fundado en el coraz\u00f3n del Municipio de la Ceja, Pimentos se ha convertido en un destino culinario conocido por su dedicaci\u00f3n a la calidad y la satisfacci\u00f3n del cliente.<\/p>\n\n\n\n\n\n<h2>Nuestros Servicios<\/h2>\n\n\n\n\n\n<p>Ofrecemos cenas personalizadas que se adaptan a sus preferencias y necesidades, asegurando que cada visita sea memorable.<\/p>\n\n\n\n\n<p>Nuestro espacio es ideal para albergar eventos especiales, desde cumplea\u00f1os hasta reuniones corporativas, siempre con un enfoque en la calidad del servicio y la atenci\u00f3n al detalle.<\/p>\n\n\n\n\n<p>Lleve la experiencia de Pimentos a su hogar con nuestro servicio de catering, ideal para cualquier ocasi\u00f3n.<\/p>\n\n\n\n\n\n<p>Nuestros platos m\u00e1s exquisitos en nuestra exclusiva Carta, donde pueden Observar toda nuestra propuesta Gastronomica.<\/p>\n\n\n<p>Experimente una variedad de nuestros platos Dia a Dia m\u00e1s destacados a trav\u00e9s de nuestros men\u00fas de D, dise\u00f1ados para deleitar su paladar.<\/p>\n\n\n\n<p>Disfrute de nuestros deliciosos platos en la comodidad de su hogar con nuestro servicio de comidas para llevar.<\/p>\n\n\n\n\n\n\n\n\n<h2>Estad\u00edsticas Clave<\/h2>\n\n\n\n\n\n\n\n\n\n\n\n\n\n\n\n\n\n\n\n\n\n<h2>Caracter\u00edsticas Destacadas<\/h2>\n\n\n\n\n\n<p>Ofrecemos una amplia variedad de platos que combinan influencias locales e internacionales, todos elaborados con ingredientes frescos.<\/p>\n\n\n\n\n<p>Nuestro restaurante est\u00e1 dise\u00f1ado para proporcionar un ambiente confortable y acogedor, perfecto para cualquier ocasi\u00f3n.<\/p>\n\n\n\n\n<p>Nuestro equipo se asegura de brindarle una atenci\u00f3n personalizada en cada visita, adapt\u00e1ndose a sus preferencias y necesidades.<\/p>\n\n\n\n\n\n\n\n\n<h2>Testimonios de Nuestros Clientes<\/h2>\n\n\n\n\n\n<p [object NamedNodeMap]>\u00abLa mejor comida que he probado en mucho tiempo, \u00a1definitivamente regresar\u00e9!\u00bb<\/p>\n\n\n\n\n<p [object NamedNodeMap]>\u00abCada visita es \u00fanica, y los sabores siempre me sorprenden positivamente.\u00bb<\/p>\n\n\n\n\n<p [object NamedNodeMap]>\u00abUn lugar fant\u00e1stico para cenas familiares, el servicio es excepcional.\u00bb<\/p>\n\n\n\n\n\n","protected":false},"excerpt":{"rendered":"","protected":false},"author":1,"featured_media":0,"parent":0,"menu_order":0,"comment_status":"closed","ping_status":"closed","template":"","meta":{"pagelayer_contact_templates":[],"_pagelayer_content":"","footnotes":""},"class_list":["post-47","page","type-page","status-publish","hentry"],"_links":{"self":[{"href":"https:\/\/www.pimentos.com.co\/index.php?rest_route=\/wp\/v2\/pages\/47","targetHints":{"allow":["GET"]}}],"collection":[{"href":"https:\/\/www.pimentos.com.co\/index.php?rest_route=\/wp\/v2\/pages"}],"about":[{"href":"https:\/\/www.pimentos.com.co\/index.php?rest_route=\/wp\/v2\/types\/page"}],"author":[{"embeddable":true,"href":"https:\/\/www.pimentos.com.co\/index.php?rest_route=\/wp\/v2\/users\/1"}],"replies":[{"embeddable":true,"href":"https:\/\/www.pimentos.com.co\/index.php?rest_route=%2Fwp%2Fv2%2Fcomments&post=47"}],"version-history":[{"count":11,"href":"https:\/\/www.pimentos.com.co\/index.php?rest_route=\/wp\/v2\/pages\/47\/revisions"}],"predecessor-version":[{"id":79,"href":"https:\/\/www.pimentos.com.co\/index.php?rest_route=\/wp\/v2\/pages\/47\/revisions\/79"}],"wp:attachment":[{"href":"https:\/\/www.pimentos.com.co\/index.php?rest_route=%2Fwp%2Fv2%2Fmedia&parent=47"}],"curies":[{"name":"wp","href":"https:\/\/api.w.org\/{rel}","templated":true}]}}